{"id":2154,"date":"2024-10-07T09:19:39","date_gmt":"2024-10-07T07:19:39","guid":{"rendered":"https:\/\/jardiagroecologic.cat\/eventos\/"},"modified":"2024-11-07T08:40:36","modified_gmt":"2024-11-07T07:40:36","slug":"eventos","status":"publish","type":"page","link":"https:\/\/jardiagroecologic.cat\/es\/eventos\/","title":{"rendered":"Eventos"},"content":{"rendered":"\t\t<div data-elementor-type=\"wp-page\" data-elementor-id=\"2154\" class=\"elementor elementor-2154 elementor-2087\" data-elementor-post-type=\"page\">\n\t\t\t\t<div class=\"elementor-element elementor-element-5c8e470 e-flex e-con-boxed e-con e-parent\" data-id=\"5c8e470\" data-element_type=\"container\" data-e-type=\"container\">\n\t\t\t\t\t<div class=\"e-con-inner\">\n\t\t\t\t<div class=\"elementor-element elementor-element-5992e4c elementor-widget elementor-widget-shortcode\" data-id=\"5992e4c\" data-element_type=\"widget\" data-e-type=\"widget\" data-widget_type=\"shortcode.default\">\n\t\t\t\t<div class=\"elementor-widget-container\">\n\t\t\t\t\t\t\t<div class=\"elementor-shortcode\"><div class=\"llistat-events\">\n                    <div class=\"container\">\n                        <div class=\"wrapper\">\n                <div class=\"events\">\n                <a href=\"https:\/\/jardiagroecologic.cat\/es\/post_event\/rosa-damascena-una-joia-en-perfumeria-3\/\">\n                    <div class=\"content\">\n\n                        <div class=\"details\">\n                            \n                            <div class=\"date-hour\">\n                                <div class=\"data\"><span class=\"dia\">09<\/span><span class=\"mes\">mayo<\/span><\/div>\n                                <div class=\"hora\">10:00 - 12:30<\/div>\n                            <\/div>\n\n                            <div class=\"titol\">\"Rosa Damascena: una joya en perfumeria\"<\/div>                                      \n\n                        <\/div>\n\n                        <div class=\"container-imatge\">\n                            <div class=\"imatge\"><img decoding=\"async\" src=\"https:\/\/jardiagroecologic.cat\/wp-content\/uploads\/2026\/03\/img_4002-1024x683.jpg\" alt=\"\"Rosa Damascena: una joya en perfumeria\"\"><\/div>\n                            <span class=\"boto-anar\">Anem-hi!<\/span>\n                        <\/div>\n\n                    <\/div>            \n                <\/a>\n                <\/div>\n                <div class=\"events\">\n                <a href=\"https:\/\/jardiagroecologic.cat\/es\/post_event\/rosa-damascena-una-joia-en-perfumeria-2\/\">\n                    <div class=\"content\">\n\n                        <div class=\"details\">\n                            \n                            <div class=\"date-hour\">\n                                <div class=\"data\"><span class=\"dia\">07<\/span><span class=\"mes\">mayo<\/span><\/div>\n                                <div class=\"hora\">18:00 - 20:30<\/div>\n                            <\/div>\n\n                            <div class=\"titol\">\"Rosa Damascena: una joya en perfumeria\"<\/div>                                      \n\n                        <\/div>\n\n                        <div class=\"container-imatge\">\n                            <div class=\"imatge\"><img decoding=\"async\" src=\"https:\/\/jardiagroecologic.cat\/wp-content\/uploads\/2026\/03\/img_4002-1024x683.jpg\" alt=\"\"Rosa Damascena: una joya en perfumeria\"\"><\/div>\n                            <span class=\"boto-anar\">Anem-hi!<\/span>\n                        <\/div>\n\n                    <\/div>            \n                <\/a>\n                <\/div>\n                <div class=\"events\">\n                <a href=\"https:\/\/jardiagroecologic.cat\/es\/post_event\/rosa-damascena-una-joia-en-perfumeria\/\">\n                    <div class=\"content\">\n\n                        <div class=\"details\">\n                            \n                            <div class=\"date-hour\">\n                                <div class=\"data\"><span class=\"dia\">25<\/span><span class=\"mes\">abril<\/span><\/div>\n                                <div class=\"hora\">11:00 - 13:30<\/div>\n                            <\/div>\n\n                            <div class=\"titol\">\"Rosa Damascena: una joya en perfumeria\"<\/div>                                      \n\n                        <\/div>\n\n                        <div class=\"container-imatge\">\n                            <div class=\"imatge\"><img decoding=\"async\" src=\"https:\/\/jardiagroecologic.cat\/wp-content\/uploads\/2026\/03\/img_4002-1024x683.jpg\" alt=\"\"Rosa Damascena: una joya en perfumeria\"\"><\/div>\n                            <span class=\"boto-anar\">Anem-hi!<\/span>\n                        <\/div>\n\n                    <\/div>            \n                <\/a>\n                <\/div>\n                <div class=\"events\">\n                <a href=\"https:\/\/jardiagroecologic.cat\/es\/post_event\/la-camamilla-entapissant-i-medicinal\/\">\n                    <div class=\"content\">\n\n                        <div class=\"details\">\n                            \n                            <div class=\"date-hour\">\n                                <div class=\"data\"><span class=\"dia\">18<\/span><span class=\"mes\">abril<\/span><\/div>\n                                <div class=\"hora\">11:00 - 13:30<\/div>\n                            <\/div>\n\n                            <div class=\"titol\">La manzanilla: tapizante y medicinal<\/div>                                      \n\n                        <\/div>\n\n                        <div class=\"container-imatge\">\n                            <div class=\"imatge\"><img decoding=\"async\" src=\"https:\/\/jardiagroecologic.cat\/wp-content\/uploads\/2026\/03\/whatsapp-image-2025-04-14-at-13.21.55-1024x771.jpeg\" alt=\"La manzanilla: tapizante y medicinal\"><\/div>\n                            <span class=\"boto-anar\">Anem-hi!<\/span>\n                        <\/div>\n\n                    <\/div>            \n                <\/a>\n                <\/div>\n                <div class=\"events\">\n                <a href=\"https:\/\/jardiagroecologic.cat\/es\/post_event\/taller-de-vermicompostatge-2n-edicio\/\">\n                    <div class=\"content\">\n\n                        <div class=\"details\">\n                            \n                            <div class=\"date-hour\">\n                                <div class=\"data\"><span class=\"dia\">22<\/span><span class=\"mes\">noviembre<\/span><\/div>\n                                <div class=\"hora\">11:00 - 13:30<\/div>\n                            <\/div>\n\n                            <div class=\"titol\">Taller de vermicompost 2n edici\u00f3<\/div>                                      \n\n                        <\/div>\n\n                        <div class=\"container-imatge\">\n                            <div class=\"imatge\"><img decoding=\"async\" src=\"https:\/\/jardiagroecologic.cat\/wp-content\/uploads\/2025\/10\/foto-cartell-1024x720.webp\" alt=\"Taller de vermicompost 2n edici\u00f3\"><\/div>\n                            <span class=\"boto-anar\">Anem-hi!<\/span>\n                        <\/div>\n\n                    <\/div>            \n                <\/a>\n                <\/div>\n                <div class=\"events\">\n                <a href=\"https:\/\/jardiagroecologic.cat\/es\/post_event\/taller-de-vermicompostatge\/\">\n                    <div class=\"content\">\n\n                        <div class=\"details\">\n                            \n                            <div class=\"date-hour\">\n                                <div class=\"data\"><span class=\"dia\">06<\/span><span class=\"mes\">noviembre<\/span><\/div>\n                                <div class=\"hora\">10:30 - 13:00<\/div>\n                            <\/div>\n\n                            <div class=\"titol\">Taller de vermicompost<\/div>                                      \n\n                        <\/div>\n\n                        <div class=\"container-imatge\">\n                            <div class=\"imatge\"><img decoding=\"async\" src=\"https:\/\/jardiagroecologic.cat\/wp-content\/uploads\/2025\/10\/foto-cartell-1024x720.webp\" alt=\"Taller de vermicompost\"><\/div>\n                            <span class=\"boto-anar\">Anem-hi!<\/span>\n                        <\/div>\n\n                    <\/div>            \n                <\/a>\n                <\/div><\/div><\/div><\/div><div class=\"pagination\"><a href=\"https:\/\/jardiagroecologic.cat\/es\/eventos\/?pagina=2\">Seg\u00fcents &raquo;<\/a><\/div><\/div>\n\t\t\t\t\t\t<\/div>\n\t\t\t\t<\/div>\n\t\t\t\t\t<\/div>\n\t\t\t\t<\/div>\n\t\t\t\t<\/div>\n\t\t","protected":false},"excerpt":{"rendered":"<p>Descubre actividades inspiradoras en el Jard\u00edn Municipal Agroecol\u00f3gico de Barber\u00e0 del Vall\u00e8s: talleres, visitas guiadas y experiencias inmersivas para familias, escuelas y empresas. Con\u00e9ctate con la naturaleza y aprende sobre sostenibilidad y agroecolog\u00eda en un entorno \u00fanico dedicado a promover un futuro verde. <\/p>\n","protected":false},"author":1,"featured_media":1733,"parent":0,"menu_order":0,"comment_status":"closed","ping_status":"closed","template":"","meta":{"_acf_changed":false,"inline_featured_image":false,"footnotes":""},"class_list":["post-2154","page","type-page","status-publish","has-post-thumbnail","hentry"],"acf":[],"_links":{"self":[{"href":"https:\/\/jardiagroecologic.cat\/es\/wp-json\/wp\/v2\/pages\/2154","targetHints":{"allow":["GET"]}}],"collection":[{"href":"https:\/\/jardiagroecologic.cat\/es\/wp-json\/wp\/v2\/pages"}],"about":[{"href":"https:\/\/jardiagroecologic.cat\/es\/wp-json\/wp\/v2\/types\/page"}],"author":[{"embeddable":true,"href":"https:\/\/jardiagroecologic.cat\/es\/wp-json\/wp\/v2\/users\/1"}],"replies":[{"embeddable":true,"href":"https:\/\/jardiagroecologic.cat\/es\/wp-json\/wp\/v2\/comments?post=2154"}],"version-history":[{"count":1,"href":"https:\/\/jardiagroecologic.cat\/es\/wp-json\/wp\/v2\/pages\/2154\/revisions"}],"predecessor-version":[{"id":2155,"href":"https:\/\/jardiagroecologic.cat\/es\/wp-json\/wp\/v2\/pages\/2154\/revisions\/2155"}],"wp:featuredmedia":[{"embeddable":true,"href":"https:\/\/jardiagroecologic.cat\/es\/wp-json\/wp\/v2\/media\/1733"}],"wp:attachment":[{"href":"https:\/\/jardiagroecologic.cat\/es\/wp-json\/wp\/v2\/media?parent=2154"}],"curies":[{"name":"wp","href":"https:\/\/api.w.org\/{rel}","templated":true}]}}