{"id":1843,"date":"2023-12-28T16:52:32","date_gmt":"2023-12-28T15:52:32","guid":{"rendered":"https:\/\/jardiagroecologic.cat\/que-es-el-jardin-municipal-agroecologico-de-barbera-del-valles\/"},"modified":"2025-12-23T11:08:21","modified_gmt":"2025-12-23T10:08:21","slug":"que-es-el-jardin-municipal-agroecologico-de-barbera-del-valles","status":"publish","type":"page","link":"https:\/\/jardiagroecologic.cat\/es\/que-es-el-jardin-municipal-agroecologico-de-barbera-del-valles\/","title":{"rendered":"\u00bfQu\u00e9 es el Jard\u00edn Municipal Agroecol\u00f3gico de Barber\u00e0 del Vall\u00e8s?"},"content":{"rendered":"\t\t<div data-elementor-type=\"wp-page\" data-elementor-id=\"1843\" class=\"elementor elementor-1843 elementor-708\" data-elementor-post-type=\"page\">\n\t\t\t\t<div class=\"elementor-element elementor-element-2159d9a e-flex e-con-boxed e-con e-parent\" data-id=\"2159d9a\" data-element_type=\"container\" data-e-type=\"container\" data-settings=\"{&quot;background_background&quot;:&quot;classic&quot;}\">\n\t\t\t\t\t<div class=\"e-con-inner\">\n\t\t<div class=\"elementor-element elementor-element-e688f51 e-flex e-con-boxed e-con e-child\" data-id=\"e688f51\" data-element_type=\"container\" data-e-type=\"container\">\n\t\t\t\t\t<div class=\"e-con-inner\">\n\t\t<div class=\"elementor-element elementor-element-52dd0bf e-con-full e-flex e-con e-child\" data-id=\"52dd0bf\" data-element_type=\"container\" data-e-type=\"container\">\n\t\t\t\t<div class=\"elementor-element elementor-element-68f201a elementor-widget elementor-widget-heading\" data-id=\"68f201a\" data-element_type=\"widget\" data-e-type=\"widget\" data-widget_type=\"heading.default\">\n\t\t\t\t<div class=\"elementor-widget-container\">\n\t\t\t\t\t<h1 class=\"elementor-heading-title elementor-size-default\">\u00bfQu\u00e9 es el jard\u00edn Municipal Agroecol\u00f3cico de Barber\u00e0 del Vall\u00e8s?<\/h1>\t\t\t\t<\/div>\n\t\t\t\t<\/div>\n\t\t\t\t<div class=\"elementor-element elementor-element-0049ff8 elementor-widget__width-initial elementor-widget elementor-widget-text-editor\" data-id=\"0049ff8\" data-element_type=\"widget\" data-e-type=\"widget\" data-widget_type=\"text-editor.default\">\n\t\t\t\t<div class=\"elementor-widget-container\">\n\t\t\t\t\t\t\t\t\t<p><span style=\"font-weight: 400;\">El Jard\u00edn Municipal Agroecol\u00f3gico de Barber\u00e1 del Vall\u00e9s no s\u00f3lo es un jard\u00edn para visitar, sino un motor productivo e inspirador, guiado por valores cercanos a la naturaleza y comprometidos con la sociedad.<\/span><\/p>\t\t\t\t\t\t\t\t<\/div>\n\t\t\t\t<\/div>\n\t\t<div class=\"elementor-element elementor-element-78867a5 e-flex e-con-boxed e-con e-child\" data-id=\"78867a5\" data-element_type=\"container\" data-e-type=\"container\">\n\t\t\t\t\t<div class=\"e-con-inner\">\n\t\t\t\t<div class=\"elementor-element elementor-element-342ca39 elementor-widget elementor-widget-image\" data-id=\"342ca39\" data-element_type=\"widget\" data-e-type=\"widget\" data-widget_type=\"image.default\">\n\t\t\t\t<div class=\"elementor-widget-container\">\n\t\t\t\t\t\t\t\t\t\t\t\t\t\t\t<img fetchpriority=\"high\" decoding=\"async\" width=\"800\" height=\"800\" src=\"https:\/\/jardiagroecologic.cat\/wp-content\/uploads\/2023\/12\/ajuntament-barbera-blanc.svg\" class=\"attachment-large size-large wp-image-2574\" alt=\"\" \/>\t\t\t\t\t\t\t\t\t\t\t\t\t\t\t<\/div>\n\t\t\t\t<\/div>\n\t\t\t\t\t<\/div>\n\t\t\t\t<\/div>\n\t\t\t\t<\/div>\n\t\t<div class=\"elementor-element elementor-element-ae07d85 e-con-full elementor-hidden-tablet elementor-hidden-mobile e-flex e-con e-child\" data-id=\"ae07d85\" data-element_type=\"container\" data-e-type=\"container\">\n\t\t\t\t<div class=\"elementor-element elementor-element-4828f06 elementor-widget__width-auto elementor-widget elementor-widget-image\" data-id=\"4828f06\" data-element_type=\"widget\" data-e-type=\"widget\" data-widget_type=\"image.default\">\n\t\t\t\t<div class=\"elementor-widget-container\">\n\t\t\t\t\t\t\t\t\t\t\t\t\t\t\t<img decoding=\"async\" width=\"1\" height=\"1\" src=\"https:\/\/jardiagroecologic.cat\/wp-content\/uploads\/2023\/12\/logo_jardi_vertical-01.svg\" class=\"attachment-large size-large wp-image-506\" alt=\"\" \/>\t\t\t\t\t\t\t\t\t\t\t\t\t\t\t<\/div>\n\t\t\t\t<\/div>\n\t\t\t\t<\/div>\n\t\t\t\t\t<\/div>\n\t\t\t\t<\/div>\n\t\t\t\t\t<\/div>\n\t\t\t\t<\/div>\n\t\t<div class=\"elementor-element elementor-element-4619fbf e-con-full e-flex e-con e-parent\" data-id=\"4619fbf\" data-element_type=\"container\" data-e-type=\"container\" data-settings=\"{&quot;background_background&quot;:&quot;classic&quot;}\">\n\t\t<div class=\"elementor-element elementor-element-7e95801 e-con-full e-flex e-con e-child\" data-id=\"7e95801\" data-element_type=\"container\" data-e-type=\"container\" data-settings=\"{&quot;background_background&quot;:&quot;classic&quot;}\">\n\t\t<div class=\"elementor-element elementor-element-200c2a3 e-flex e-con-boxed e-con e-child\" data-id=\"200c2a3\" data-element_type=\"container\" data-e-type=\"container\">\n\t\t\t\t\t<div class=\"e-con-inner\">\n\t\t\t\t<div class=\"elementor-element elementor-element-63034ae elementor-widget elementor-widget-text-editor\" data-id=\"63034ae\" data-element_type=\"widget\" data-e-type=\"widget\" data-widget_type=\"text-editor.default\">\n\t\t\t\t<div class=\"elementor-widget-container\">\n\t\t\t\t\t\t\t\t\t<p><span style=\"font-weight: 400;\">Aqu\u00ed, la agroecolog\u00eda se arraiga en el territorio, considerando la comunidad y su cultura. Nuestras acciones tienen un impacto econ\u00f3mico y social, contribuyendo a la biodiversidad, proyecci\u00f3n social y sostenibilidad.<\/span><\/p>\t\t\t\t\t\t\t\t<\/div>\n\t\t\t\t<\/div>\n\t\t\t\t\t<\/div>\n\t\t\t\t<\/div>\n\t\t\t\t<\/div>\n\t\t<div class=\"elementor-element elementor-element-da28971 e-con-full e-flex e-con e-child\" data-id=\"da28971\" data-element_type=\"container\" data-e-type=\"container\" data-settings=\"{&quot;background_background&quot;:&quot;classic&quot;}\">\n\t\t\t\t<\/div>\n\t\t\t\t<\/div>\n\t\t<div class=\"elementor-element elementor-element-f1de7dc e-con-full e-flex e-con e-parent\" data-id=\"f1de7dc\" data-element_type=\"container\" data-e-type=\"container\" data-settings=\"{&quot;background_background&quot;:&quot;classic&quot;}\">\n\t\t<div class=\"elementor-element elementor-element-1c08fa3 e-con-full e-flex e-con e-child\" data-id=\"1c08fa3\" data-element_type=\"container\" data-e-type=\"container\">\n\t\t<div class=\"elementor-element elementor-element-c3d0365 e-flex e-con-boxed e-con e-child\" data-id=\"c3d0365\" data-element_type=\"container\" data-e-type=\"container\">\n\t\t\t\t\t<div class=\"e-con-inner\">\n\t\t\t\t<div class=\"elementor-element elementor-element-4452b93 elementor-widget elementor-widget-text-editor\" data-id=\"4452b93\" data-element_type=\"widget\" data-e-type=\"widget\" data-widget_type=\"text-editor.default\">\n\t\t\t\t<div class=\"elementor-widget-container\">\n\t\t\t\t\t\t\t\t\t<p><span style=\"font-weight: 400;\">Situados en el parque fluvial del r\u00edo Ripoll de Barber\u00e0 del Vall\u00e8s, participamos en el mantenimiento de una mejor calidad de aire del municipio. Un n\u00facleo emblem\u00e1tico con alto valor natural, paisaj\u00edstico e hist\u00f3rico que preserva y potencia elementos \u00fanicos.<\/span><\/p>\t\t\t\t\t\t\t\t<\/div>\n\t\t\t\t<\/div>\n\t\t\t\t\t<\/div>\n\t\t\t\t<\/div>\n\t\t\t\t<\/div>\n\t\t<div class=\"elementor-element elementor-element-c1de688 e-con-full e-flex e-con e-child\" data-id=\"c1de688\" data-element_type=\"container\" data-e-type=\"container\" data-settings=\"{&quot;background_background&quot;:&quot;classic&quot;}\">\n\t\t\t\t<\/div>\n\t\t\t\t<\/div>\n\t\t<div class=\"elementor-element elementor-element-bedce65 e-con-full e-flex e-con e-parent\" data-id=\"bedce65\" data-element_type=\"container\" data-e-type=\"container\" data-settings=\"{&quot;background_background&quot;:&quot;classic&quot;}\">\n\t\t<div class=\"elementor-element elementor-element-dc8daec e-con-full e-flex e-con e-child\" data-id=\"dc8daec\" data-element_type=\"container\" data-e-type=\"container\" data-settings=\"{&quot;background_background&quot;:&quot;classic&quot;}\">\n\t\t<div class=\"elementor-element elementor-element-e6569f0 e-flex e-con-boxed e-con e-child\" data-id=\"e6569f0\" data-element_type=\"container\" data-e-type=\"container\">\n\t\t\t\t\t<div class=\"e-con-inner\">\n\t\t\t\t<div class=\"elementor-element elementor-element-bf14670 elementor-widget elementor-widget-text-editor\" data-id=\"bf14670\" data-element_type=\"widget\" data-e-type=\"widget\" data-widget_type=\"text-editor.default\">\n\t\t\t\t<div class=\"elementor-widget-container\">\n\t\t\t\t\t\t\t\t\t<p><span style=\"font-weight: 400;\">Como parte del proyecto Cero CO\u2082 del Ayuntamiento, nuestro prop\u00f3sito es enfrentar el cambio clim\u00e1tico desde el local. La agroecolog\u00eda, nuestra filosof\u00eda, es una agricultura sostenible que trabaja en armon\u00eda con la naturaleza, mitigando el impacto del cambio clim\u00e1tico y apoyando la vida silvestre.<\/span><\/p>\t\t\t\t\t\t\t\t<\/div>\n\t\t\t\t<\/div>\n\t\t\t\t\t<\/div>\n\t\t\t\t<\/div>\n\t\t\t\t<\/div>\n\t\t<div class=\"elementor-element elementor-element-452ed63 e-con-full e-flex e-con e-child\" data-id=\"452ed63\" data-element_type=\"container\" data-e-type=\"container\" data-settings=\"{&quot;background_background&quot;:&quot;classic&quot;}\">\n\t\t\t\t<\/div>\n\t\t\t\t<\/div>\n\t\t<div class=\"elementor-element elementor-element-5524fd7 e-con-full e-flex e-con e-parent\" data-id=\"5524fd7\" data-element_type=\"container\" data-e-type=\"container\" data-settings=\"{&quot;background_background&quot;:&quot;classic&quot;}\">\n\t\t<div class=\"elementor-element elementor-element-fa7473f e-con-full e-flex e-con e-child\" data-id=\"fa7473f\" data-element_type=\"container\" data-e-type=\"container\">\n\t\t<div class=\"elementor-element elementor-element-11973b7 e-flex e-con-boxed e-con e-child\" data-id=\"11973b7\" data-element_type=\"container\" data-e-type=\"container\">\n\t\t\t\t\t<div class=\"e-con-inner\">\n\t\t\t\t<div class=\"elementor-element elementor-element-7ba5092 elementor-widget elementor-widget-text-editor\" data-id=\"7ba5092\" data-element_type=\"widget\" data-e-type=\"widget\" data-widget_type=\"text-editor.default\">\n\t\t\t\t<div class=\"elementor-widget-container\">\n\t\t\t\t\t\t\t\t\t<p><span style=\"font-weight: 400;\">En el Jard\u00edn Agroecol\u00f3gico, ofrecemos visitas guiadas y talleres centrados en el mundo de las plantas arom\u00e1ticas y medicinales, los \u00e1rboles frutales y las interacciones biol\u00f3gicas de los distintos seres vivos de nuestro entorno; ofreciendo diversas actividades vinculadas a la educaci\u00f3n ambiental y la mejora del entorno rural.<\/span><\/p>\t\t\t\t\t\t\t\t<\/div>\n\t\t\t\t<\/div>\n\t\t\t\t\t<\/div>\n\t\t\t\t<\/div>\n\t\t\t\t<\/div>\n\t\t<div class=\"elementor-element elementor-element-156826f e-con-full e-flex e-con e-child\" data-id=\"156826f\" data-element_type=\"container\" data-e-type=\"container\" data-settings=\"{&quot;background_background&quot;:&quot;classic&quot;}\">\n\t\t\t\t<\/div>\n\t\t\t\t<\/div>\n\t\t<div class=\"elementor-element elementor-element-ab99f40 e-flex e-con-boxed e-con e-parent\" data-id=\"ab99f40\" data-element_type=\"container\" data-e-type=\"container\">\n\t\t\t\t\t<div class=\"e-con-inner\">\n\t\t\t\t<div class=\"elementor-element elementor-element-274bfbf elementor-widget elementor-widget-heading\" data-id=\"274bfbf\" data-element_type=\"widget\" data-e-type=\"widget\" data-widget_type=\"heading.default\">\n\t\t\t\t<div class=\"elementor-widget-container\">\n\t\t\t\t\t<h2 class=\"elementor-heading-title elementor-size-default\">Compromiso Ambiental<\/h2>\t\t\t\t<\/div>\n\t\t\t\t<\/div>\n\t\t\t\t<div class=\"elementor-element elementor-element-771c60d elementor-widget elementor-widget-text-editor\" data-id=\"771c60d\" data-element_type=\"widget\" data-e-type=\"widget\" data-widget_type=\"text-editor.default\">\n\t\t\t\t<div class=\"elementor-widget-container\">\n\t\t\t\t\t\t\t\t\t<p><span style=\"font-weight: 400;\">Formamos parte del compromiso de Barber\u00e0 del Vall\u00e8s para reducir las emisiones de CO\u2082 y enfrentar el cambio clim\u00e1tico. Gracias al apoyo financiero del \u00e1rea metropolitana de Barcelona, estamos llevando a cabo acciones concretas para crear un entorno m\u00e1s sostenible y saludable.<\/span><\/p>\t\t\t\t\t\t\t\t<\/div>\n\t\t\t\t<\/div>\n\t\t\t\t\t<\/div>\n\t\t\t\t<\/div>\n\t\t\t\t<\/div>\n\t\t","protected":false},"excerpt":{"rendered":"<p>El Jard\u00edn Municipal Agroecol\u00f3gico forma parte del proyecto Zero CO2, promovido por el Ayuntamiento de Barber\u00e0 del Vall\u00e8s. Supone una iniciativa que permite potenciar la econom\u00eda verde, de proximidad y con alto componente social.<\/p>\n","protected":false},"author":1,"featured_media":535,"parent":0,"menu_order":0,"comment_status":"closed","ping_status":"closed","template":"","meta":{"_acf_changed":false,"inline_featured_image":false,"footnotes":""},"class_list":["post-1843","page","type-page","status-publish","has-post-thumbnail","hentry"],"acf":[],"_links":{"self":[{"href":"https:\/\/jardiagroecologic.cat\/es\/wp-json\/wp\/v2\/pages\/1843","targetHints":{"allow":["GET"]}}],"collection":[{"href":"https:\/\/jardiagroecologic.cat\/es\/wp-json\/wp\/v2\/pages"}],"about":[{"href":"https:\/\/jardiagroecologic.cat\/es\/wp-json\/wp\/v2\/types\/page"}],"author":[{"embeddable":true,"href":"https:\/\/jardiagroecologic.cat\/es\/wp-json\/wp\/v2\/users\/1"}],"replies":[{"embeddable":true,"href":"https:\/\/jardiagroecologic.cat\/es\/wp-json\/wp\/v2\/comments?post=1843"}],"version-history":[{"count":7,"href":"https:\/\/jardiagroecologic.cat\/es\/wp-json\/wp\/v2\/pages\/1843\/revisions"}],"predecessor-version":[{"id":2585,"href":"https:\/\/jardiagroecologic.cat\/es\/wp-json\/wp\/v2\/pages\/1843\/revisions\/2585"}],"wp:featuredmedia":[{"embeddable":true,"href":"https:\/\/jardiagroecologic.cat\/es\/wp-json\/wp\/v2\/media\/535"}],"wp:attachment":[{"href":"https:\/\/jardiagroecologic.cat\/es\/wp-json\/wp\/v2\/media?parent=1843"}],"curies":[{"name":"wp","href":"https:\/\/api.w.org\/{rel}","templated":true}]}}